{"id":1680,"date":"2025-05-14T12:46:31","date_gmt":"2025-05-14T12:46:31","guid":{"rendered":"https:\/\/www.mcv2025.com\/?page_id=1680"},"modified":"2026-04-01T08:55:27","modified_gmt":"2026-04-01T08:55:27","slug":"sponsors","status":"publish","type":"page","link":"https:\/\/www.congres-mcv.com\/en\/sponsors\/","title":{"rendered":"Sponsors"},"content":{"rendered":"<section id=\"wp-block-themeisle-blocks-advanced-columns-2a989ee6\" class=\"wp-block-themeisle-blocks-advanced-columns alignfull has-1-columns has-desktop-equal-layout has-tablet-equal-layout has-mobile-equal-layout has-vertical-center\"><div class=\"wp-block-themeisle-blocks-advanced-columns-overlay\"><\/div><div class=\"innerblocks-wrap\">\n<div id=\"wp-block-themeisle-blocks-advanced-column-2f24f5c3\" class=\"wp-block-themeisle-blocks-advanced-column\">\n<h1 id=\"wp-block-themeisle-blocks-advanced-heading-5d9b910a\" class=\"wp-block-themeisle-blocks-advanced-heading wp-block-themeisle-blocks-advanced-heading-5d9b910a\">Sponsorship<\/h1>\n<\/div>\n<\/div><\/section>\n\n\n\n<section id=\"wp-block-themeisle-blocks-advanced-columns-e4373a2b\" class=\"wp-block-themeisle-blocks-advanced-columns alignfull has-1-columns has-desktop-equal-layout has-tablet-equal-layout has-mobile-equal-layout has-vertical-flex-start has-light-bg\"><div class=\"wp-block-themeisle-blocks-advanced-columns-overlay\"><\/div><div class=\"innerblocks-wrap\">\n<div id=\"wp-block-themeisle-blocks-advanced-column-0b9db5af\" class=\"wp-block-themeisle-blocks-advanced-column\">\n<section id=\"wp-block-themeisle-blocks-advanced-columns-62d68e08\" class=\"wp-block-themeisle-blocks-advanced-columns has-1-columns has-desktop-equal-layout has-tablet-equal-layout has-mobile-collapsedRows-layout has-vertical-flex-start\"><div class=\"wp-block-themeisle-blocks-advanced-columns-overlay\"><\/div><div class=\"innerblocks-wrap\">\n<div id=\"wp-block-themeisle-blocks-advanced-column-ba020b38\" class=\"wp-block-themeisle-blocks-advanced-column\">\n<h2 class=\"wp-block-heading has-text-align-left has-nv-dark-bg-color has-text-color has-link-color wp-elements-e819c821aefdd387ddf723db289d8e65\">Value your commitment by becoming a sponsor of MCV 2026<\/h2>\n\n\n\n<p style=\"font-size:18px\">Becoming<strong> MCV Conference 2026 partner<\/strong>, you will have the opportunity to partner from its development in an event dedicated to the Francophone community of lifecycle management. This partnership will allow you to benefit from <strong>visibility<\/strong> targeted at consulting firms, researchers, institutions, and committed industrialists, while actively contributing to the development of a structuring event for the sector. <br><br>By joining us, you will participate in the construction of a <strong>event led by and for the community<\/strong> <strong>life cycle management<\/strong>, and affirm your commitment to lifecycle management, the circular economy, and sustainable innovation.<\/p>\n\n\n\n<p style=\"font-size:18px\">Contact us at <strong>info@congres-mcv.com<\/strong> for more information and sponsorship proposals.<\/p>\n\n\n\n<div class=\"wp-block-buttons is-content-justification-left is-layout-flex wp-container-core-buttons-is-layout-fdcfc74e wp-block-buttons-is-layout-flex\">\n<div class=\"wp-block-button is-style-primary\"><a class=\"wp-block-button__link has-text-align-center has-custom-font-size wp-element-button\" href=\"https:\/\/www.congres-mcv.com\/wp-content\/uploads\/2026\/04\/Dossier-sponsoring-MCV-2026.pdf\" style=\"border-top-left-radius:25px;border-top-right-radius:25px;border-bottom-left-radius:25px;border-bottom-right-radius:25px;font-size:18px\" target=\"_blank\" rel=\"noreferrer noopener\"><strong>Discover sponsorship opportunities<\/strong> detailed<\/a><\/div>\n<\/div>\n\n\n\n<div style=\"height:80px\" aria-hidden=\"true\" class=\"wp-block-spacer\"><\/div>\n\n\n\n<div class=\"wp-block-columns is-layout-flex wp-container-core-columns-is-layout-9d6595d7 wp-block-columns-is-layout-flex\">\n<div class=\"wp-block-column is-layout-flow wp-block-column-is-layout-flow\"><style>.wp-block-kadence-column.kb-section-dir-horizontal > .kt-inside-inner-col > .kt-info-box1680_c9aa7a-64 .kt-blocks-info-box-link-wrap{max-width:unset;}.kt-info-box1680_c9aa7a-64 .kt-blocks-info-box-link-wrap{border-top:5px solid var(--global-palette7, #eeeeee);border-right:5px solid var(--global-palette7, #eeeeee);border-bottom:5px solid var(--global-palette7, #eeeeee);border-left:5px solid var(--global-palette7, #eeeeee);background:#e2bb3c;padding-top:var(--global-kb-spacing-sm, 1.5rem);padding-right:var(--global-kb-spacing-sm, 1.5rem);padding-bottom:var(--global-kb-spacing-sm, 1.5rem);padding-left:var(--global-kb-spacing-sm, 1.5rem);margin-top:50px;}.kt-info-box1680_c9aa7a-64 .kt-blocks-info-box-link-wrap:hover{background:#e2bb3c;}.kt-info-box1680_c9aa7a-64 .kadence-info-box-icon-container .kt-info-svg-icon, .kt-info-box1680_c9aa7a-64 .kt-info-svg-icon-flip, .kt-info-box1680_c9aa7a-64 .kt-blocks-info-box-number{font-size:50px;}.kt-info-box1680_c9aa7a-64 .kt-blocks-info-box-number{font-family:Poppins;font-style:normal;font-weight:900;}.kt-info-box1680_c9aa7a-64 .kt-blocks-info-box-media{color:var(--nv-secondary-accent);background:#ffffff;border-color:var(--global-palette7, #eeeeee);border-top-width:5px;border-right-width:5px;border-bottom-width:5px;border-left-width:5px;padding-top:20px;padding-right:20px;padding-bottom:20px;padding-left:20px;}.kt-info-box1680_c9aa7a-64 .kt-blocks-info-box-media-container{margin-top:-75px;margin-right:0px;margin-bottom:20px;margin-left:0px;}.kt-info-box1680_c9aa7a-64 .kt-blocks-info-box-link-wrap:hover .kt-blocks-info-box-media{color:var(--nv-secondary-accent);}.kt-info-box1680_c9aa7a-64 .kt-infobox-textcontent h3.kt-blocks-info-box-title{color:var(--nv-site-bg);font-family:Poppins;font-style:normal;font-weight:900;padding-top:0px;padding-right:0px;padding-bottom:0px;padding-left:0px;margin-top:5px;margin-right:0px;margin-bottom:10px;margin-left:0px;}.kt-info-box1680_c9aa7a-64 .kt-blocks-info-box-link-wrap:hover h3.kt-blocks-info-box-title{color:var(--nv-site-bg);}.kt-info-box1680_c9aa7a-64 .kt-infobox-textcontent .kt-blocks-info-box-text{color:var(--nv-site-bg);}.wp-block-kadence-infobox.kt-info-box1680_c9aa7a-64 .kt-blocks-info-box-text{font-size:18px;}.kt-info-box1680_c9aa7a-64 .kt-blocks-info-box-link-wrap:hover .kt-blocks-info-box-text{color:var(--nv-site-bg);}.kt-info-box1680_c9aa7a-64 .kt-blocks-info-box-learnmore{background:transparent;border-width:0px 0px 0px 0px;padding-top:4px;padding-right:8px;padding-bottom:4px;padding-left:8px;margin-top:10px;margin-right:0px;margin-bottom:10px;margin-left:0px;}@media all and (max-width: 1024px){.kt-info-box1680_c9aa7a-64 .kt-blocks-info-box-link-wrap{border-top:5px solid var(--global-palette7, #eeeeee);border-right:5px solid var(--global-palette7, #eeeeee);border-bottom:5px solid var(--global-palette7, #eeeeee);border-left:5px solid var(--global-palette7, #eeeeee);}}@media all and (max-width: 767px){.kt-info-box1680_c9aa7a-64 .kt-blocks-info-box-link-wrap{border-top:5px solid var(--global-palette7, #eeeeee);border-right:5px solid var(--global-palette7, #eeeeee);border-bottom:5px solid var(--global-palette7, #eeeeee);border-left:5px solid var(--global-palette7, #eeeeee);}}<\/style>\n<div class=\"wp-block-kadence-infobox kt-info-box1680_c9aa7a-64\"><span class=\"kt-blocks-info-box-link-wrap info-box-link kt-blocks-info-box-media-align-top kt-info-halign-left\"><div class=\"kt-blocks-info-box-media-container\"><div class=\"kt-blocks-info-box-media kt-info-media-animate-none\"><div class=\"kadence-info-box-number-container kt-info-number-animate-none\"><div class=\"kadence-info-box-number-inner-container\"><div class=\"kt-blocks-info-box-number\">1<\/div><\/div><\/div><\/div><\/div><div class=\"kt-infobox-textcontent\"><h3 class=\"kt-blocks-info-box-title\"><strong>GOLD PACKAGE<\/strong><br><\/h3><p class=\"kt-blocks-info-box-text\"><strong>Visibility<\/strong> Logo &amp; Description (Program Print + Site), Opening Speech, Brochure at Welcome<br><br><strong>Social networks<\/strong> 3 dedicated LinkedIn posts + post-congress thank you<br><br><strong>Benefits<\/strong> 4 conference registrations, 2 dinner registrations, booth, 10 min speaking slot<br><\/p><\/div><\/span><\/div>\n<\/div>\n\n\n\n<div class=\"wp-block-column is-layout-flow wp-block-column-is-layout-flow\"><style>.wp-block-kadence-column.kb-section-dir-horizontal > .kt-inside-inner-col > .kt-info-box1680_75ab59-2b .kt-blocks-info-box-link-wrap{max-width:unset;}.kt-info-box1680_75ab59-2b .kt-blocks-info-box-link-wrap{border-top:5px solid var(--global-palette7, #eeeeee);border-right:5px solid var(--global-palette7, #eeeeee);border-bottom:5px solid var(--global-palette7, #eeeeee);border-left:5px solid var(--global-palette7, #eeeeee);background:#b6b5b5;padding-top:var(--global-kb-spacing-sm, 1.5rem);padding-right:var(--global-kb-spacing-sm, 1.5rem);padding-bottom:var(--global-kb-spacing-sm, 1.5rem);padding-left:var(--global-kb-spacing-sm, 1.5rem);margin-top:50px;}.kt-info-box1680_75ab59-2b .kt-blocks-info-box-link-wrap:hover{background:#b6b5b5;}.kt-info-box1680_75ab59-2b .kadence-info-box-icon-container .kt-info-svg-icon, .kt-info-box1680_75ab59-2b .kt-info-svg-icon-flip, .kt-info-box1680_75ab59-2b .kt-blocks-info-box-number{font-size:50px;}.kt-info-box1680_75ab59-2b .kt-blocks-info-box-number{font-family:Poppins;font-style:normal;font-weight:900;}.kt-info-box1680_75ab59-2b .kt-blocks-info-box-media{color:var(--nv-secondary-accent);background:#ffffff;border-color:var(--global-palette7, #eeeeee);border-top-width:5px;border-right-width:5px;border-bottom-width:5px;border-left-width:5px;padding-top:20px;padding-right:20px;padding-bottom:20px;padding-left:20px;}.kt-info-box1680_75ab59-2b .kt-blocks-info-box-media-container{margin-top:-75px;margin-right:0px;margin-bottom:20px;margin-left:0px;}.kt-info-box1680_75ab59-2b .kt-blocks-info-box-link-wrap:hover .kt-blocks-info-box-media{color:var(--nv-secondary-accent);}.kt-info-box1680_75ab59-2b .kt-infobox-textcontent h3.kt-blocks-info-box-title{color:var(--nv-site-bg);font-family:Poppins;font-style:normal;font-weight:900;padding-top:0px;padding-right:0px;padding-bottom:0px;padding-left:0px;margin-top:5px;margin-right:0px;margin-bottom:10px;margin-left:0px;}.kt-info-box1680_75ab59-2b .kt-blocks-info-box-link-wrap:hover h3.kt-blocks-info-box-title{color:var(--nv-site-bg);}.kt-info-box1680_75ab59-2b .kt-infobox-textcontent .kt-blocks-info-box-text{color:var(--nv-site-bg);}.wp-block-kadence-infobox.kt-info-box1680_75ab59-2b .kt-blocks-info-box-text{font-size:18px;}.kt-info-box1680_75ab59-2b .kt-blocks-info-box-link-wrap:hover .kt-blocks-info-box-text{color:var(--nv-site-bg);}.kt-info-box1680_75ab59-2b .kt-blocks-info-box-learnmore{background:transparent;border-width:0px 0px 0px 0px;padding-top:4px;padding-right:8px;padding-bottom:4px;padding-left:8px;margin-top:10px;margin-right:0px;margin-bottom:10px;margin-left:0px;}@media all and (max-width: 1024px){.kt-info-box1680_75ab59-2b .kt-blocks-info-box-link-wrap{border-top:5px solid var(--global-palette7, #eeeeee);border-right:5px solid var(--global-palette7, #eeeeee);border-bottom:5px solid var(--global-palette7, #eeeeee);border-left:5px solid var(--global-palette7, #eeeeee);}}@media all and (max-width: 767px){.kt-info-box1680_75ab59-2b .kt-blocks-info-box-link-wrap{border-top:5px solid var(--global-palette7, #eeeeee);border-right:5px solid var(--global-palette7, #eeeeee);border-bottom:5px solid var(--global-palette7, #eeeeee);border-left:5px solid var(--global-palette7, #eeeeee);}}<\/style>\n<div class=\"wp-block-kadence-infobox kt-info-box1680_75ab59-2b\"><span class=\"kt-blocks-info-box-link-wrap info-box-link kt-blocks-info-box-media-align-top kt-info-halign-left\"><div class=\"kt-blocks-info-box-media-container\"><div class=\"kt-blocks-info-box-media kt-info-media-animate-none\"><div class=\"kadence-info-box-number-container kt-info-number-animate-none\"><div class=\"kadence-info-box-number-inner-container\"><div class=\"kt-blocks-info-box-number\">2<\/div><\/div><\/div><\/div><\/div><div class=\"kt-infobox-textcontent\"><h3 class=\"kt-blocks-info-box-title\"><strong>SILVER PACKAGE<\/strong><br><\/h3><p class=\"kt-blocks-info-box-text\"><strong>Visibility<\/strong> Logo and description (program print + website), mention during speeches<br><br><strong>Social networks<\/strong> 1 LinkedIn post + post-conference thank you<br><br><strong>Benefits<\/strong> : 3 congress registrations<br><br><br><\/p><\/div><\/span><\/div>\n<\/div>\n\n\n\n<div class=\"wp-block-column is-layout-flow wp-block-column-is-layout-flow\"><style>.wp-block-kadence-column.kb-section-dir-horizontal > .kt-inside-inner-col > .kt-info-box1680_ddc776-cf .kt-blocks-info-box-link-wrap{max-width:unset;}.kt-info-box1680_ddc776-cf .kt-blocks-info-box-link-wrap{border-top:5px solid var(--global-palette7, #eeeeee);border-right:5px solid var(--global-palette7, #eeeeee);border-bottom:5px solid var(--global-palette7, #eeeeee);border-left:5px solid var(--global-palette7, #eeeeee);background:#ad7b50;padding-top:var(--global-kb-spacing-sm, 1.5rem);padding-right:var(--global-kb-spacing-sm, 1.5rem);padding-bottom:var(--global-kb-spacing-sm, 1.5rem);padding-left:var(--global-kb-spacing-sm, 1.5rem);margin-top:50px;}.kt-info-box1680_ddc776-cf .kt-blocks-info-box-link-wrap:hover{background:#ad7b50;}.kt-info-box1680_ddc776-cf .kadence-info-box-icon-container .kt-info-svg-icon, .kt-info-box1680_ddc776-cf .kt-info-svg-icon-flip, .kt-info-box1680_ddc776-cf .kt-blocks-info-box-number{font-size:50px;}.kt-info-box1680_ddc776-cf .kt-blocks-info-box-number{font-family:Poppins;font-style:normal;font-weight:900;}.kt-info-box1680_ddc776-cf .kt-blocks-info-box-media{color:var(--nv-secondary-accent);background:#ffffff;border-color:var(--global-palette7, #eeeeee);border-top-width:5px;border-right-width:5px;border-bottom-width:5px;border-left-width:5px;padding-top:20px;padding-right:20px;padding-bottom:20px;padding-left:20px;}.kt-info-box1680_ddc776-cf .kt-blocks-info-box-media-container{margin-top:-75px;margin-right:0px;margin-bottom:20px;margin-left:0px;}.kt-info-box1680_ddc776-cf .kt-blocks-info-box-link-wrap:hover .kt-blocks-info-box-media{color:var(--nv-secondary-accent);}.kt-info-box1680_ddc776-cf .kt-infobox-textcontent h3.kt-blocks-info-box-title{color:var(--nv-site-bg);font-family:Poppins;font-style:normal;font-weight:900;padding-top:0px;padding-right:0px;padding-bottom:0px;padding-left:0px;margin-top:5px;margin-right:0px;margin-bottom:10px;margin-left:0px;}.kt-info-box1680_ddc776-cf .kt-blocks-info-box-link-wrap:hover h3.kt-blocks-info-box-title{color:var(--nv-site-bg);}.kt-info-box1680_ddc776-cf .kt-infobox-textcontent .kt-blocks-info-box-text{color:var(--nv-site-bg);}.wp-block-kadence-infobox.kt-info-box1680_ddc776-cf .kt-blocks-info-box-text{font-size:18px;}.kt-info-box1680_ddc776-cf .kt-blocks-info-box-link-wrap:hover .kt-blocks-info-box-text{color:var(--nv-site-bg);}.kt-info-box1680_ddc776-cf .kt-blocks-info-box-learnmore{background:transparent;border-width:0px 0px 0px 0px;padding-top:4px;padding-right:8px;padding-bottom:4px;padding-left:8px;margin-top:10px;margin-right:0px;margin-bottom:10px;margin-left:0px;}@media all and (max-width: 1024px){.kt-info-box1680_ddc776-cf .kt-blocks-info-box-link-wrap{border-top:5px solid var(--global-palette7, #eeeeee);border-right:5px solid var(--global-palette7, #eeeeee);border-bottom:5px solid var(--global-palette7, #eeeeee);border-left:5px solid var(--global-palette7, #eeeeee);}}@media all and (max-width: 767px){.kt-info-box1680_ddc776-cf .kt-blocks-info-box-link-wrap{border-top:5px solid var(--global-palette7, #eeeeee);border-right:5px solid var(--global-palette7, #eeeeee);border-bottom:5px solid var(--global-palette7, #eeeeee);border-left:5px solid var(--global-palette7, #eeeeee);}}<\/style>\n<div class=\"wp-block-kadence-infobox kt-info-box1680_ddc776-cf\"><span class=\"kt-blocks-info-box-link-wrap info-box-link kt-blocks-info-box-media-align-top kt-info-halign-left\"><div class=\"kt-blocks-info-box-media-container\"><div class=\"kt-blocks-info-box-media kt-info-media-animate-none\"><div class=\"kadence-info-box-number-container kt-info-number-animate-none\"><div class=\"kadence-info-box-number-inner-container\"><div class=\"kt-blocks-info-box-number\">3<\/div><\/div><\/div><\/div><\/div><div class=\"kt-infobox-textcontent\"><h3 class=\"kt-blocks-info-box-title\"><strong>BRONZE PACKAGE<\/strong><br><\/h3><p class=\"kt-blocks-info-box-text\"><strong>Visibility<\/strong> : logo &amp; description on the website, mention during speeches<br><br><strong>Social networks<\/strong> 1 LinkedIn post + post-conference thank you<br><br><br><br><\/p><\/div><\/span><\/div>\n<\/div>\n<\/div>\n\n\n\n<div style=\"height:40px\" aria-hidden=\"true\" class=\"wp-block-spacer\"><\/div>\n<\/div>\n<\/div><\/section>\n<\/div>\n<\/div><\/section>\n\n\n\n<p><\/p>","protected":false},"excerpt":{"rendered":"","protected":false},"author":2,"featured_media":1557,"parent":0,"menu_order":0,"comment_status":"closed","ping_status":"closed","template":"page-templates\/template-pagebuilder-full-width.php","meta":{"neve_meta_sidebar":"full-width","neve_meta_container":"","neve_meta_enable_content_width":"on","neve_meta_content_width":100,"neve_meta_title_alignment":"","neve_meta_author_avatar":"","neve_post_elements_order":"","neve_meta_disable_header":"","neve_meta_disable_footer":"","neve_meta_disable_title":"","_themeisle_gutenberg_block_has_review":false,"_ti_tpc_template_sync":false,"_ti_tpc_template_id":"w5qil82pn5o1jsa5qpcu","footnotes":""},"class_list":["post-1680","page","type-page","status-publish","has-post-thumbnail","hentry"],"yoast_head":"<!-- This site is optimized with the Yoast SEO plugin v27.5 - https:\/\/yoast.com\/product\/yoast-seo-wordpress\/ -->\n<title>Sponsors | Congr\u00e8s MCV<\/title>\n<meta name=\"description\" content=\"Cet \u00e9v\u00e9nement est port\u00e9 par l\u2019association LCM 2 LOOP en collaboration ave le CyVi Group de l&#039;Universit\u00e9 de Bordeaux et WeLOOP.\" \/>\n<meta name=\"robots\" content=\"index, follow, max-snippet:-1, max-image-preview:large, max-video-preview:-1\" \/>\n<link rel=\"canonical\" href=\"https:\/\/www.congres-mcv.com\/en\/sponsors\/\" \/>\n<meta property=\"og:locale\" content=\"en_US\" \/>\n<meta property=\"og:type\" content=\"article\" \/>\n<meta property=\"og:title\" content=\"Sponsors | Congr\u00e8s MCV\" \/>\n<meta property=\"og:description\" content=\"Cet \u00e9v\u00e9nement est port\u00e9 par l\u2019association LCM 2 LOOP en collaboration ave le CyVi Group de l&#039;Universit\u00e9 de Bordeaux et WeLOOP.\" \/>\n<meta property=\"og:url\" content=\"https:\/\/www.congres-mcv.com\/en\/sponsors\/\" \/>\n<meta property=\"og:site_name\" content=\"Congr\u00e8s MCV\" \/>\n<meta property=\"article:modified_time\" content=\"2026-04-01T08:55:27+00:00\" \/>\n<meta property=\"og:image\" content=\"https:\/\/www.congres-mcv.com\/wp-content\/uploads\/2024\/12\/MCV-2024-logo.png\" \/>\n\t<meta property=\"og:image:width\" content=\"2526\" \/>\n\t<meta property=\"og:image:height\" content=\"1785\" \/>\n\t<meta property=\"og:image:type\" content=\"image\/png\" \/>\n<meta name=\"twitter:card\" content=\"summary_large_image\" \/>\n<meta name=\"twitter:label1\" content=\"Est. reading time\" \/>\n\t<meta name=\"twitter:data1\" content=\"2 minutes\" \/>\n<script type=\"application\/ld+json\" class=\"yoast-schema-graph\">{\"@context\":\"https:\\\/\\\/schema.org\",\"@graph\":[{\"@type\":\"WebPage\",\"@id\":\"https:\\\/\\\/www.congres-mcv.com\\\/sponsors\\\/\",\"url\":\"https:\\\/\\\/www.congres-mcv.com\\\/sponsors\\\/\",\"name\":\"Sponsors | Congr\u00e8s MCV\",\"isPartOf\":{\"@id\":\"https:\\\/\\\/www.congres-mcv.com\\\/#website\"},\"primaryImageOfPage\":{\"@id\":\"https:\\\/\\\/www.congres-mcv.com\\\/sponsors\\\/#primaryimage\"},\"image\":{\"@id\":\"https:\\\/\\\/www.congres-mcv.com\\\/sponsors\\\/#primaryimage\"},\"thumbnailUrl\":\"https:\\\/\\\/www.congres-mcv.com\\\/wp-content\\\/uploads\\\/2025\\\/02\\\/MCV-logo.png\",\"datePublished\":\"2025-05-14T12:46:31+00:00\",\"dateModified\":\"2026-04-01T08:55:27+00:00\",\"description\":\"Cet \u00e9v\u00e9nement est port\u00e9 par l\u2019association LCM 2 LOOP en collaboration ave le CyVi Group de l'Universit\u00e9 de Bordeaux et WeLOOP.\",\"breadcrumb\":{\"@id\":\"https:\\\/\\\/www.congres-mcv.com\\\/sponsors\\\/#breadcrumb\"},\"inLanguage\":\"en-US\",\"potentialAction\":[{\"@type\":\"ReadAction\",\"target\":[\"https:\\\/\\\/www.congres-mcv.com\\\/sponsors\\\/\"]}]},{\"@type\":\"ImageObject\",\"inLanguage\":\"en-US\",\"@id\":\"https:\\\/\\\/www.congres-mcv.com\\\/sponsors\\\/#primaryimage\",\"url\":\"https:\\\/\\\/www.congres-mcv.com\\\/wp-content\\\/uploads\\\/2025\\\/02\\\/MCV-logo.png\",\"contentUrl\":\"https:\\\/\\\/www.congres-mcv.com\\\/wp-content\\\/uploads\\\/2025\\\/02\\\/MCV-logo.png\",\"width\":3508,\"height\":2481},{\"@type\":\"BreadcrumbList\",\"@id\":\"https:\\\/\\\/www.congres-mcv.com\\\/sponsors\\\/#breadcrumb\",\"itemListElement\":[{\"@type\":\"ListItem\",\"position\":1,\"name\":\"Accueil\",\"item\":\"https:\\\/\\\/www.congres-mcv.com\\\/\"},{\"@type\":\"ListItem\",\"position\":2,\"name\":\"Sponsors\"}]},{\"@type\":\"WebSite\",\"@id\":\"https:\\\/\\\/www.congres-mcv.com\\\/#website\",\"url\":\"https:\\\/\\\/www.congres-mcv.com\\\/\",\"name\":\"MCV 2026\",\"description\":\"Congr\u00e8s MCV - Management du Cycle de Vie\",\"publisher\":{\"@id\":\"https:\\\/\\\/www.congres-mcv.com\\\/#organization\"},\"alternateName\":\"MCV 2026\",\"potentialAction\":[{\"@type\":\"SearchAction\",\"target\":{\"@type\":\"EntryPoint\",\"urlTemplate\":\"https:\\\/\\\/www.congres-mcv.com\\\/?s={search_term_string}\"},\"query-input\":{\"@type\":\"PropertyValueSpecification\",\"valueRequired\":true,\"valueName\":\"search_term_string\"}}],\"inLanguage\":\"en-US\"},{\"@type\":\"Organization\",\"@id\":\"https:\\\/\\\/www.congres-mcv.com\\\/#organization\",\"name\":\"MCV 2026\",\"url\":\"https:\\\/\\\/www.congres-mcv.com\\\/\",\"logo\":{\"@type\":\"ImageObject\",\"inLanguage\":\"en-US\",\"@id\":\"https:\\\/\\\/www.congres-mcv.com\\\/#\\\/schema\\\/logo\\\/image\\\/\",\"url\":\"https:\\\/\\\/www.congres-mcv.com\\\/wp-content\\\/uploads\\\/2025\\\/11\\\/Logo-MCV-2026.png\",\"contentUrl\":\"https:\\\/\\\/www.congres-mcv.com\\\/wp-content\\\/uploads\\\/2025\\\/11\\\/Logo-MCV-2026.png\",\"width\":842,\"height\":595,\"caption\":\"MCV 2026\"},\"image\":{\"@id\":\"https:\\\/\\\/www.congres-mcv.com\\\/#\\\/schema\\\/logo\\\/image\\\/\"},\"sameAs\":[\"https:\\\/\\\/www.linkedin.com\\\/company\\\/mcv-conference\\\/\"]}]}<\/script>\n<!-- \/ Yoast SEO plugin. -->","yoast_head_json":{"title":"Sponsors | MCV Congress","description":"This event is organised by the LCM 2 LOOP association in collaboration with the CyVi Group from the University of Bordeaux and WeLOOP.","robots":{"index":"index","follow":"follow","max-snippet":"max-snippet:-1","max-image-preview":"max-image-preview:large","max-video-preview":"max-video-preview:-1"},"canonical":"https:\/\/www.congres-mcv.com\/en\/sponsors\/","og_locale":"en_US","og_type":"article","og_title":"Sponsors | Congr\u00e8s MCV","og_description":"Cet \u00e9v\u00e9nement est port\u00e9 par l\u2019association LCM 2 LOOP en collaboration ave le CyVi Group de l'Universit\u00e9 de Bordeaux et WeLOOP.","og_url":"https:\/\/www.congres-mcv.com\/en\/sponsors\/","og_site_name":"Congr\u00e8s MCV","article_modified_time":"2026-04-01T08:55:27+00:00","og_image":[{"width":2526,"height":1785,"url":"https:\/\/www.congres-mcv.com\/wp-content\/uploads\/2024\/12\/MCV-2024-logo.png","type":"image\/png"}],"twitter_card":"summary_large_image","twitter_misc":{"Est. reading time":"2 minutes"},"schema":{"@context":"https:\/\/schema.org","@graph":[{"@type":"WebPage","@id":"https:\/\/www.congres-mcv.com\/sponsors\/","url":"https:\/\/www.congres-mcv.com\/sponsors\/","name":"Sponsors | MCV Congress","isPartOf":{"@id":"https:\/\/www.congres-mcv.com\/#website"},"primaryImageOfPage":{"@id":"https:\/\/www.congres-mcv.com\/sponsors\/#primaryimage"},"image":{"@id":"https:\/\/www.congres-mcv.com\/sponsors\/#primaryimage"},"thumbnailUrl":"https:\/\/www.congres-mcv.com\/wp-content\/uploads\/2025\/02\/MCV-logo.png","datePublished":"2025-05-14T12:46:31+00:00","dateModified":"2026-04-01T08:55:27+00:00","description":"This event is organised by the LCM 2 LOOP association in collaboration with the CyVi Group from the University of Bordeaux and WeLOOP.","breadcrumb":{"@id":"https:\/\/www.congres-mcv.com\/sponsors\/#breadcrumb"},"inLanguage":"en-US","potentialAction":[{"@type":"ReadAction","target":["https:\/\/www.congres-mcv.com\/sponsors\/"]}]},{"@type":"ImageObject","inLanguage":"en-US","@id":"https:\/\/www.congres-mcv.com\/sponsors\/#primaryimage","url":"https:\/\/www.congres-mcv.com\/wp-content\/uploads\/2025\/02\/MCV-logo.png","contentUrl":"https:\/\/www.congres-mcv.com\/wp-content\/uploads\/2025\/02\/MCV-logo.png","width":3508,"height":2481},{"@type":"BreadcrumbList","@id":"https:\/\/www.congres-mcv.com\/sponsors\/#breadcrumb","itemListElement":[{"@type":"ListItem","position":1,"name":"Accueil","item":"https:\/\/www.congres-mcv.com\/"},{"@type":"ListItem","position":2,"name":"Sponsors"}]},{"@type":"WebSite","@id":"https:\/\/www.congres-mcv.com\/#website","url":"https:\/\/www.congres-mcv.com\/","name":"MCV 2026","description":"MCV Congress - Lifecycle Management","publisher":{"@id":"https:\/\/www.congres-mcv.com\/#organization"},"alternateName":"MCV 2026","potentialAction":[{"@type":"SearchAction","target":{"@type":"EntryPoint","urlTemplate":"https:\/\/www.congres-mcv.com\/?s={search_term_string}"},"query-input":{"@type":"PropertyValueSpecification","valueRequired":true,"valueName":"search_term_string"}}],"inLanguage":"en-US"},{"@type":"Organization","@id":"https:\/\/www.congres-mcv.com\/#organization","name":"MCV 2026","url":"https:\/\/www.congres-mcv.com\/","logo":{"@type":"ImageObject","inLanguage":"en-US","@id":"https:\/\/www.congres-mcv.com\/#\/schema\/logo\/image\/","url":"https:\/\/www.congres-mcv.com\/wp-content\/uploads\/2025\/11\/Logo-MCV-2026.png","contentUrl":"https:\/\/www.congres-mcv.com\/wp-content\/uploads\/2025\/11\/Logo-MCV-2026.png","width":842,"height":595,"caption":"MCV 2026"},"image":{"@id":"https:\/\/www.congres-mcv.com\/#\/schema\/logo\/image\/"},"sameAs":["https:\/\/www.linkedin.com\/company\/mcv-conference\/"]}]}},"_links":{"self":[{"href":"https:\/\/www.congres-mcv.com\/en\/wp-json\/wp\/v2\/pages\/1680","targetHints":{"allow":["GET"]}}],"collection":[{"href":"https:\/\/www.congres-mcv.com\/en\/wp-json\/wp\/v2\/pages"}],"about":[{"href":"https:\/\/www.congres-mcv.com\/en\/wp-json\/wp\/v2\/types\/page"}],"author":[{"embeddable":true,"href":"https:\/\/www.congres-mcv.com\/en\/wp-json\/wp\/v2\/users\/2"}],"replies":[{"embeddable":true,"href":"https:\/\/www.congres-mcv.com\/en\/wp-json\/wp\/v2\/comments?post=1680"}],"version-history":[{"count":19,"href":"https:\/\/www.congres-mcv.com\/en\/wp-json\/wp\/v2\/pages\/1680\/revisions"}],"predecessor-version":[{"id":3050,"href":"https:\/\/www.congres-mcv.com\/en\/wp-json\/wp\/v2\/pages\/1680\/revisions\/3050"}],"wp:featuredmedia":[{"embeddable":true,"href":"https:\/\/www.congres-mcv.com\/en\/wp-json\/wp\/v2\/media\/1557"}],"wp:attachment":[{"href":"https:\/\/www.congres-mcv.com\/en\/wp-json\/wp\/v2\/media?parent=1680"}],"curies":[{"name":"wp","href":"https:\/\/api.w.org\/{rel}","templated":true}]}}